{"id":9,"date":"2013-10-10T07:04:52","date_gmt":"2013-10-10T07:04:52","guid":{"rendered":"http:\/\/carloscortesleon.com\/cms\/?page_id=9"},"modified":"2022-03-06T10:57:20","modified_gmt":"2022-03-06T10:57:20","slug":"acerca-de-mi","status":"publish","type":"page","link":"https:\/\/carloscortesleon.com\/micasa\/acerca-de-mi\/","title":{"rendered":"acerca de m\u00ed"},"content":{"rendered":"<div class=\"wpb-content-wrapper\"><p>[vc_row][vc_column][\/vc_column][\/vc_row][vc_row][vc_column width=\u00bb1\/3&#8243;][vc_single_image image=\u00bb66&#8243; img_size=\u00bbfull\u00bb][\/vc_column][vc_column width=\u00bb2\/3&#8243;][vc_column_text]<\/p>\n<h2>\u00bfQu\u00e9 he aprendido?<\/h2>\n<p><i>Me licenci\u00e9 en Derecho en la Complutense. Tras Oposiciones a Notar\u00edas, empiezo a interesarme en los temas de empresa y Recursos Humanos, cursando a trav\u00e9s de una beca un M\u00e1ster en Direcci\u00f3n de Empresas y Recursos Humanos de dos a\u00f1os. Alg\u00fan MBA para profundizar en la gesti\u00f3n econ\u00f3mica de las empresas. Y mirando hacia el Tercer Sector\u2026<\/i><\/p>\n<p><i>\u2026m\u00e1s adelante, completo mi formaci\u00f3n con el M\u00e1ster en Administraci\u00f3n y Direcci\u00f3n de Fundaciones y Otras Entidades No Lucrativas. Cuento con Garrigues, PwC, Mercer o Ernst&amp;Young form\u00e1ndome en temas de Fiscalidad Internacional y gesti\u00f3n de expatriados para conocer bien esta realidad.<\/i><\/p>\n<p><i>Tambi\u00e9n soy titulado superior en Prevenci\u00f3n de Riesgos Laborales (en las tres especialidades: Ergonom\u00eda, Higiene Industrial y Seguridad y Salud). De esto hace tiempo ya\u2026<\/i><\/p>\n<p><i>Busco nuevos aprendizajes sobre nuevas tendencias en RRHH gracias al grupo BLC y\u00a0 concluyo el programa de Funci\u00f3n Gerencial de ONGDs en el Institut de Innovaci\u00f3 Social de Esade en el que ahora imparto. En este mismo Instituto acierto a finalizar el programa de Liderazgo e Innovaci\u00f3n Social, completado con otro programa similar en el IESE.<\/i><\/p>\n<p><i>Entre las certificaciones, soy coach<a href=\"https:\/\/www.icf-es.com\/mwsicf\/\"> PCC por ICF<\/a>, en tres especialidades, ejecutivo, sist\u00e9mico y de equipos. <a href=\"https:\/\/www.institutodecom.com\/certiambos\">Certificado en los modelos<\/a> de estilos relacionales Bridge y de fases de los equipos en base a la confianza Sikkhona. Y algo de Comunicaci\u00f3n No Violenta por Hune, PNL y Gestalt.<\/i><\/p>\n<h2>\u00bfD\u00f3nde lo aprend\u00ed?<\/h2>\n<p><i>He tenido la suerte de comenzar en grandes empresas, como <\/i><i><a href=\"http:\/\/www.telepizza.es\/home\" target=\"_blank\" rel=\"noopener noreferrer\">Telepizza<\/a><\/i><i>, como Responsable de RRHH Internacional. En la ingenier\u00eda <\/i><i><a href=\"http:\/\/www.inypsa.es\/\" target=\"_blank\" rel=\"noopener noreferrer\">Inypsa<\/a><\/i><i> mi primera experiencia como Director de RRHH.<\/i><\/p>\n<p><i>En 2002 paso al Tercer Sector con un intenso comienzo en Barcelona en la extraordinaria <\/i><i><a href=\"http:\/\/www.msf.es\/\" target=\"_blank\" rel=\"noopener noreferrer\">M\u00e9dicos sin Fronteras<\/a><\/i><i>. Me gusta. Insisto, esta vez con la <\/i><i><a href=\"http:\/\/www.ayudaenaccion.org\/\" target=\"_blank\" rel=\"noopener noreferrer\">Fundaci\u00f3n Ayuda en Acci\u00f3n<\/a><\/i><i>. Una recomendable experiencia internacional dirigiendo Recursos Humanos y aprendiendo en este nuevo sector.<\/i><\/p>\n<p><i>Desde 2008 asumo la direcci\u00f3n de RRHH de <\/i><i><a href=\"http:\/\/grupo5.net\/\" target=\"_blank\" rel=\"noopener noreferrer\">Grupo 5<\/a><\/i><i>, conocida por su gesti\u00f3n, entre otros proyectos, del Samur Social en Madrid. Y desde 2011, fundador y Socio Director de Sector Cuatro Consultor\u00eda Social, Asociaci\u00f3n y Empresa Social de estrategias de colaboraci\u00f3n entre el Tercer Sector y las empresas sociales.<\/i><\/p>\n<p><i>Ahora emprendo, y todav\u00eda y siempre aprendo.<\/i><\/p>\n<h2>\u00bfQu\u00e9 me gusta hacer?<\/h2>\n<p><i>Me gusta crear y participar en redes:<\/i><\/p>\n<ul>\n<li><i>Promotor y miembro del \u201cForo de gestores de personas\u201d, red de Directores de RRHH del 3er Sector.<\/i><\/li>\n<li><i> Miembro de otras redes de RRHH: <\/i><i>Hub Madrid<\/i><i>, <\/i><i>SoL Espa\u00f1a<\/i><i> (Society for Organizational Learning Spain o European Human Resources Forum (<\/i><i>EHRF<\/i><i>)<\/i><\/li>\n<li>Compositor del <a href=\"https:\/\/www.youtube.com\/watch?v=toYFkFcq9Fg&amp;feature=youtu.be\">Himno a Fundaciones<\/a>, m\u00fasica para mejorar el mundo.<\/li>\n<\/ul>\n<p><i>Me gusta la iniciativa no lucrativa, y sostenible, y as\u00ed form\u00e9 parte del comit\u00e9 asesor de la federaci\u00f3n de plataformas sociales <\/i><i><a href=\"http:\/\/www.pinardi.com\/\" target=\"_blank\" rel=\"noopener noreferrer\">Pinardi<\/a><\/i><i> y soy cofundador y Vicepresidente de la Asociaci\u00f3n \u201cPadrinos por Brasil\u201d y miembro del Patronato de <a href=\"https:\/\/www.igaxes.org\/es\/somos-igaxes\/\">Igaxes<\/a>, &#8216;ning\u00fan joven sin futuro&#8217;, y de <a href=\"https:\/\/www.fundacioires.org\/\">IRES Fundaci\u00f3<\/a>.<\/i><\/p>\n<p><i>Me gusta mantener un nivel suficiente de ingl\u00e9s y franc\u00e9s, el <a href=\"https:\/\/www.facebook.com\/photo.php?v=2180648549751&amp;set=o.71917770567&amp;type=2&amp;theater\" target=\"_blank\" rel=\"noopener noreferrer\">catal\u00e1n<\/a>, y sobre todas las cosas, la m\u00fasica. \u00bfte gusta la <\/i><i><a href=\"https:\/\/www.facebook.com\/groups\/71917770567\/\" target=\"_blank\" rel=\"noopener noreferrer\">m\u00fasica a capella<\/a>?\u00a0 \u2026..<\/i>[\/vc_column_text][\/vc_column][\/vc_row][vc_row][vc_column][vc_empty_space][\/vc_column][\/vc_row]<\/p>\n<\/div>","protected":false},"excerpt":{"rendered":"<p>[vc_row][vc_column][\/vc_column][\/vc_row][vc_row][vc_column width=\u00bb1\/3&#8243;][vc_single_image image=\u00bb66&#8243; img_size=\u00bbfull\u00bb][\/vc_column][vc_column width=\u00bb2\/3&#8243;][vc_column_text] \u00bfQu\u00e9 he aprendido? Me licenci\u00e9 en Derecho en la Complutense. Tras Oposiciones a Notar\u00edas, empiezo a interesarme en los temas de empresa y Recursos Humanos, cursando a trav\u00e9s de una beca un M\u00e1ster en Direcci\u00f3n de Empresas y Recursos Humanos de dos a\u00f1os. Alg\u00fan MBA para profundizar en la gesti\u00f3n [&hellip;]<\/p>\n","protected":false},"author":3,"featured_media":0,"parent":0,"menu_order":2,"comment_status":"closed","ping_status":"closed","template":"","meta":{"site-sidebar-layout":"no-sidebar","site-content-layout":"plain-container","ast-site-content-layout":"","site-content-style":"default","site-sidebar-style":"default","ast-global-header-display":"","ast-banner-title-visibility":"","ast-main-header-display":"","ast-hfb-above-header-display":"","ast-hfb-below-header-display":"","ast-hfb-mobile-header-display":"","site-post-title":"","ast-breadcrumbs-content":"","ast-featured-img":"disabled","footer-sml-layout":"","theme-transparent-header-meta":"default","adv-header-id-meta":"","stick-header-meta":"","header-above-stick-meta":"","header-main-stick-meta":"","header-below-stick-meta":"","astra-migrate-meta-layouts":"default","ast-page-background-enabled":"default","ast-page-background-meta":{"desktop":{"background-color":"","background-image":"","background-repeat":"repeat","background-position":"center center","background-size":"auto","background-attachment":"scroll","background-type":"","background-media":"","overlay-type":"","overlay-color":"","overlay-opacity":"","overlay-gradient":""},"tablet":{"background-color":"","background-image":"","background-repeat":"repeat","background-position":"center center","background-size":"auto","background-attachment":"scroll","background-type":"","background-media":"","overlay-type":"","overlay-color":"","overlay-opacity":"","overlay-gradient":""},"mobile":{"background-color":"","background-image":"","background-repeat":"repeat","background-position":"center center","background-size":"auto","background-attachment":"scroll","background-type":"","background-media":"","overlay-type":"","overlay-color":"","overlay-opacity":"","overlay-gradient":""}},"ast-content-background-meta":{"desktop":{"background-color":"var(--ast-global-color-5)","background-image":"","background-repeat":"repeat","background-position":"center center","background-size":"auto","background-attachment":"scroll","background-type":"","background-media":"","overlay-type":"","overlay-color":"","overlay-opacity":"","overlay-gradient":""},"tablet":{"background-color":"var(--ast-global-color-5)","background-image":"","background-repeat":"repeat","background-position":"center center","background-size":"auto","background-attachment":"scroll","background-type":"","background-media":"","overlay-type":"","overlay-color":"","overlay-opacity":"","overlay-gradient":""},"mobile":{"background-color":"var(--ast-global-color-5)","background-image":"","background-repeat":"repeat","background-position":"center center","background-size":"auto","background-attachment":"scroll","background-type":"","background-media":"","overlay-type":"","overlay-color":"","overlay-opacity":"","overlay-gradient":""}},"footnotes":""},"_links":{"self":[{"href":"https:\/\/carloscortesleon.com\/micasa\/wp-json\/wp\/v2\/pages\/9"}],"collection":[{"href":"https:\/\/carloscortesleon.com\/micasa\/wp-json\/wp\/v2\/pages"}],"about":[{"href":"https:\/\/carloscortesleon.com\/micasa\/wp-json\/wp\/v2\/types\/page"}],"author":[{"embeddable":true,"href":"https:\/\/carloscortesleon.com\/micasa\/wp-json\/wp\/v2\/users\/3"}],"replies":[{"embeddable":true,"href":"https:\/\/carloscortesleon.com\/micasa\/wp-json\/wp\/v2\/comments?post=9"}],"version-history":[{"count":6,"href":"https:\/\/carloscortesleon.com\/micasa\/wp-json\/wp\/v2\/pages\/9\/revisions"}],"predecessor-version":[{"id":1455,"href":"https:\/\/carloscortesleon.com\/micasa\/wp-json\/wp\/v2\/pages\/9\/revisions\/1455"}],"wp:attachment":[{"href":"https:\/\/carloscortesleon.com\/micasa\/wp-json\/wp\/v2\/media?parent=9"}],"curies":[{"name":"wp","href":"https:\/\/api.w.org\/{rel}","templated":true}]}}