{"id":43,"date":"2013-10-10T08:23:54","date_gmt":"2013-10-10T08:23:54","guid":{"rendered":"http:\/\/carloscortesleon.com\/cms\/?page_id=43"},"modified":"2023-01-04T10:34:08","modified_gmt":"2023-01-04T10:34:08","slug":"cursos-y-conferencias","status":"publish","type":"page","link":"https:\/\/carloscortesleon.com\/micasa\/cursos-y-conferencias\/","title":{"rendered":"cursos y conferencias"},"content":{"rendered":"<div class=\"wpb-content-wrapper\"><p>[vc_row][vc_column width=\u00bb1\/3&#8243;][vc_single_image image=\u00bb604&#8243; img_size=\u00bblarge\u00bb][vc_single_image image=\u00bb605&#8243; img_size=\u00bblarge\u00bb][\/vc_column][vc_column width=\u00bb2\/3&#8243;][vc_column_text]Profesor en <a href=\"http:\/\/www.esade.edu\/\">Esade<\/a>,\u00a0<a href=\"http:\/\/www.uned.es\/\">UNED<\/a>,\u00a0<a href=\"http:\/\/www.fundaciones.org\/es\/home\">Asociaci\u00f3n Espa\u00f1ola de Fundaciones<\/a>, entre otras. Formador en <a href=\"https:\/\/centrodelcoaching.es\/coaching-de-equipos\/\">coaching de equipos en Centro de estudios del coaching<\/a>. Director Acad\u00e9mico del Programa MAS Social de la Fundaci\u00f3n Barri\u00e9 Galicia y Fundaci\u00f3n de PwC.<\/p>\n<h2><\/h2>\n<h2>\u00bfEn qu\u00e9 materias estoy especializado?<\/h2>\n<p><strong>Gesti\u00f3n de Recursos Humanos<\/strong>, especialmente en el\u00a0<strong>Tercer Sector<\/strong>.<br \/>\nAqu\u00ed tienes algunos ejemplos:<\/p>\n<ul>\n<li>C\u00f3mo elaborar un Plan de Formaci\u00f3n para voluntariado y para personal contratado<\/li>\n<li>Evaluaci\u00f3n del desempe\u00f1o: la entrevista de evoluci\u00f3n<\/li>\n<li>La motivaci\u00f3n: factor clave en la gesti\u00f3n de personas<\/li>\n<li>Coaching de equipos<\/li>\n<li>Habilidades directivas<\/li>\n<li>Fases de los equipos y estilos relacionales. Modelos SIKKHONA y BRIDGE.<\/li>\n<\/ul>\n<p>[\/vc_column_text][vc_column_text]Tambi\u00e9n he impartido cursos sobre\u00a0<strong>Direcci\u00f3n Estrat\u00e9gica y estructuraci\u00f3n organizativa<\/strong><\/p>\n<p>Y dirigido a puestos directivos<\/p>\n<ul>\n<li>Mejora tus\u00a0<strong>habilidades directivas<\/strong>\u00a0desde la Direcci\u00f3n por Valores: delegaci\u00f3n, asertividad, comunicaci\u00f3n, escucha, trabajo en equipo, gesti\u00f3n del cambio<\/li>\n<li><strong>Inteligencia emocional<\/strong>. Liderazgo \u00e9tico: de valores a conductas<\/li>\n<li>Los cinco ejes de la funci\u00f3n directiva: un mapa para equipos complejos.<\/li>\n<\/ul>\n<p><a href=\"https:\/\/carloscortesleon.com\/micasa\/wp-content\/uploads\/2023\/01\/propuesta-formativa-CarlosCortes-2022-para-web.pdf\" target=\"_blank\" rel=\"noopener noreferrer\"><i>Aqu\u00ed puedes ver mi cat\u00e1logo de cursos.<\/i><\/a>[\/vc_column_text][\/vc_column][\/vc_row][vc_row][vc_column][vc_empty_space][\/vc_column][\/vc_row][vc_row][vc_column width=\u00bb1\/3&#8243;][\/vc_column][vc_column width=\u00bb1\/3&#8243;][\/vc_column][vc_column width=\u00bb1\/3&#8243;][\/vc_column][\/vc_row][vc_row][vc_column][vc_empty_space][\/vc_column][\/vc_row]<\/p>\n<\/div>","protected":false},"excerpt":{"rendered":"<p>[vc_row][vc_column width=\u00bb1\/3&#8243;][vc_single_image image=\u00bb604&#8243; img_size=\u00bblarge\u00bb][vc_single_image image=\u00bb605&#8243; img_size=\u00bblarge\u00bb][\/vc_column][vc_column width=\u00bb2\/3&#8243;][vc_column_text]Profesor en Esade,\u00a0UNED,\u00a0Asociaci\u00f3n Espa\u00f1ola de Fundaciones, entre otras. Formador en coaching de equipos en Centro de estudios del coaching. Director Acad\u00e9mico del Programa MAS Social de la Fundaci\u00f3n Barri\u00e9 Galicia y Fundaci\u00f3n de PwC. \u00bfEn qu\u00e9 materias estoy especializado? Gesti\u00f3n de Recursos Humanos, especialmente en el\u00a0Tercer Sector. Aqu\u00ed tienes [&hellip;]<\/p>\n","protected":false},"author":3,"featured_media":0,"parent":0,"menu_order":6,"comment_status":"closed","ping_status":"closed","template":"","meta":{"site-sidebar-layout":"no-sidebar","site-content-layout":"plain-container","ast-site-content-layout":"","site-content-style":"default","site-sidebar-style":"default","ast-global-header-display":"","ast-banner-title-visibility":"","ast-main-header-display":"","ast-hfb-above-header-display":"","ast-hfb-below-header-display":"","ast-hfb-mobile-header-display":"","site-post-title":"","ast-breadcrumbs-content":"","ast-featured-img":"disabled","footer-sml-layout":"","theme-transparent-header-meta":"default","adv-header-id-meta":"","stick-header-meta":"","header-above-stick-meta":"","header-main-stick-meta":"","header-below-stick-meta":"","astra-migrate-meta-layouts":"default","ast-page-background-enabled":"default","ast-page-background-meta":{"desktop":{"background-color":"","background-image":"","background-repeat":"repeat","background-position":"center center","background-size":"auto","background-attachment":"scroll","background-type":"","background-media":"","overlay-type":"","overlay-color":"","overlay-opacity":"","overlay-gradient":""},"tablet":{"background-color":"","background-image":"","background-repeat":"repeat","background-position":"center center","background-size":"auto","background-attachment":"scroll","background-type":"","background-media":"","overlay-type":"","overlay-color":"","overlay-opacity":"","overlay-gradient":""},"mobile":{"background-color":"","background-image":"","background-repeat":"repeat","background-position":"center center","background-size":"auto","background-attachment":"scroll","background-type":"","background-media":"","overlay-type":"","overlay-color":"","overlay-opacity":"","overlay-gradient":""}},"ast-content-background-meta":{"desktop":{"background-color":"var(--ast-global-color-5)","background-image":"","background-repeat":"repeat","background-position":"center center","background-size":"auto","background-attachment":"scroll","background-type":"","background-media":"","overlay-type":"","overlay-color":"","overlay-opacity":"","overlay-gradient":""},"tablet":{"background-color":"var(--ast-global-color-5)","background-image":"","background-repeat":"repeat","background-position":"center center","background-size":"auto","background-attachment":"scroll","background-type":"","background-media":"","overlay-type":"","overlay-color":"","overlay-opacity":"","overlay-gradient":""},"mobile":{"background-color":"var(--ast-global-color-5)","background-image":"","background-repeat":"repeat","background-position":"center center","background-size":"auto","background-attachment":"scroll","background-type":"","background-media":"","overlay-type":"","overlay-color":"","overlay-opacity":"","overlay-gradient":""}},"footnotes":""},"_links":{"self":[{"href":"https:\/\/carloscortesleon.com\/micasa\/wp-json\/wp\/v2\/pages\/43"}],"collection":[{"href":"https:\/\/carloscortesleon.com\/micasa\/wp-json\/wp\/v2\/pages"}],"about":[{"href":"https:\/\/carloscortesleon.com\/micasa\/wp-json\/wp\/v2\/types\/page"}],"author":[{"embeddable":true,"href":"https:\/\/carloscortesleon.com\/micasa\/wp-json\/wp\/v2\/users\/3"}],"replies":[{"embeddable":true,"href":"https:\/\/carloscortesleon.com\/micasa\/wp-json\/wp\/v2\/comments?post=43"}],"version-history":[{"count":17,"href":"https:\/\/carloscortesleon.com\/micasa\/wp-json\/wp\/v2\/pages\/43\/revisions"}],"predecessor-version":[{"id":1818,"href":"https:\/\/carloscortesleon.com\/micasa\/wp-json\/wp\/v2\/pages\/43\/revisions\/1818"}],"wp:attachment":[{"href":"https:\/\/carloscortesleon.com\/micasa\/wp-json\/wp\/v2\/media?parent=43"}],"curies":[{"name":"wp","href":"https:\/\/api.w.org\/{rel}","templated":true}]}}