{"id":291,"date":"2014-04-04T09:36:29","date_gmt":"2014-04-04T09:36:29","guid":{"rendered":"https:\/\/carloscortesleon.com\/micasa\/?page_id=291"},"modified":"2020-10-06T08:34:53","modified_gmt":"2020-10-06T08:34:53","slug":"politica-de-cookies","status":"publish","type":"page","link":"https:\/\/carloscortesleon.com\/micasa\/politica-de-cookies\/","title":{"rendered":"Pol\u00edtica de cookies"},"content":{"rendered":"<div style=\"margin-top:30px;\">Este sitio web, al igual que la mayor\u00eda de los sitios en Internet, usa Cookies para mejorar y optimizar la experiencia del usuario. A continuaci\u00f3n encontrar\u00e1s informaci\u00f3n detallada sobre qu\u00e9 son las \u201cCookies\u201d, qu\u00e9 tipolog\u00eda utiliza este sitio web, c\u00f3mo puedes desactivarlas en tu navegador y c\u00f3mo bloquear espec\u00edficamente la instalaci\u00f3n de Cookies de terceros.<\/p>\n<p>\u00bfQu\u00e9 son las Cookies y c\u00f3mo las utiliza esta web?<\/p>\n<p>Las Cookies son archivos que el sitio web o la aplicaci\u00f3n que utilizas instala en tu navegador o en tu dispositivo (Smartphone, tableta o televisi\u00f3n conectada) durante tu recorrido por las p\u00e1ginas o por la aplicaci\u00f3n, y sirven para almacenar informaci\u00f3n sobre tu visita. Como la mayor\u00eda de los sitios en internet, la web de Carlos Cort\u00e9s Le\u00f3n utiliza Cookies para:<\/p>\n<ul>\n<li>Asegurar que las p\u00e1ginas web pueden funcionar correctamente<\/li>\n<li>Almacenar tus preferencias, como el idioma que has seleccionado o el tama\u00f1o de letra.<\/li>\n<li>Conocer tu experiencia de navegaci\u00f3n.<\/li>\n<li>Recopilar informaci\u00f3n estad\u00edstica an\u00f3nima, como qu\u00e9 p\u00e1ginas has visto o cu\u00e1nto tiempo has estado en nuestros medios.<\/li>\n<\/ul>\n<p>El uso de Cookies nos permite optimizar tu navegaci\u00f3n, adaptando la informaci\u00f3n y los servicios ofrecidos a tus intereses, para proporcionarte una mejor experiencia siempre que nos visites.<\/p>\n<p>Las Cookies se asocian \u00fanicamente a un usuario an\u00f3nimo y su ordenador\/dispositivo y no proporcionan referencias que permitan conocer datos personales. En todo momento podr\u00e1s acceder a la configuraci\u00f3n de tu navegador para modificar y\/o bloquear la instalaci\u00f3n de las Cookies enviadas por esta web, sin que ello impida al acceso a los contenidos. Sin embargo, la calidad del funcionamiento de los Servicios puede verse afectada.<\/p>\n<p>\u00bfPor qu\u00e9 son importantes?<\/p>\n<ul>\n<li>Desde un punto de vista t\u00e9cnico, permiten que los sitios web funcionen de forma m\u00e1s \u00e1gil y adaptada a las preferencias de los usuarios, como por ejemplo almacenar el idioma, la moneda del pa\u00eds o detectar el dispositivo de acceso.<\/li>\n<li>Establecen niveles de protecci\u00f3n y seguridad que Impiden o dificultan ciberataques contra el sitio web o sus usuarios.<\/li>\n<li>Permiten que los gestores de los medios puedan conocer datos estad\u00edsticos recopilados en las Cookies para mejorar la calidad y experiencia de sus servicios.<\/li>\n<li>Sirven para optimizar la publicidad que mostramos a los usuarios, ofreciendo la que m\u00e1s se ajusta a sus intereses.<\/li>\n<\/ul>\n<p>\u00bfCu\u00e1les son los diferentes tipos de Cookies que utilizamos en&nbsp;esta web?<\/p>\n<ul>\n<li>Las de sesi\u00f3n expiran cuando el Usuario abandona la p\u00e1gina o cierra el navegador, es decir, est\u00e1n activas mientras dura la visita al sitio web y por tanto son borradas de nuestro ordenador al abandonarlo.<\/li>\n<\/ul>\n<ul>\n<li>Las permanentes expiran cuando se cumple el objetivo para el que sirven o bien cuando se borran manualmente, tienen fecha de borrado y se utilizan normalmente en proceso de compra online, personalizaciones o en el registro, para no tener que introducir nuestra contrase\u00f1a constantemente.<\/li>\n<\/ul>\n<p>Por otro lado, seg\u00fan quien sea la entidad que gestione el equipo o dominio desde donde se env\u00edan las cookies y trate los datos que se obtengan, podemos distinguir entre Cookies propias y de terceros.<\/p>\n<ul>\n<li>Las Cookies propias son aquellas Cookies que son enviadas a tu ordenador y gestionadas exclusivamente por nosotros para el mejor funcionamiento del Sitio Web. La informaci\u00f3n que recabamos se emplea para mejorar la calidad de nuestro servicio y tu experiencia como usuario.<\/li>\n<\/ul>\n<ul>\n<li>Si interact\u00faas con el contenido de nuestro Sitio Web tambi\u00e9n pueden establecerse cookies de terceros (por ejemplo, al pulsar botones de redes sociales o visionar v\u00eddeos alojados en otro sitio web), que son aquellas establecidas por un dominio diferente de nuestro Sitio Web. No podemos acceder a los datos almacenados en las cookies de otros sitios web cuando navegues en los citados sitios web.<\/li>\n<\/ul>\n<p>Algunos servicios de&nbsp;esta web pueden utilizar conectores con diversas redes sociales: Facebook, Twitter, Google+, Linkedin, etc. Al utilizar el registro social, autorizas a la red social &nbsp;almacenar una Cookie persistente. Esta Cookie recuerda tu identificaci\u00f3n en el servicio, haciendo mucho m\u00e1s r\u00e1pido el acceso en siguientes visitas.<\/p>\n<p>\u00bfC\u00f3mo puedo configurar mis Cookies?<\/p>\n<p>Al navegar y continuar en nuestro Sitio Web estar\u00e1 consintiendo el uso de las Cookies en las condiciones contenidas en la presente Pol\u00edtica de Cookies.&nbsp;Carlos Cort\u00e9s Le\u00f3n proporciona acceso a esta Pol\u00edtica de Cookies en el momento de la visita con el objetivo de que el usuario est\u00e9 informado, y sin perjuicio de que \u00e9ste pueda ejercer su derecho a bloquear, eliminar y rechazar el uso de Cookies en todo momento.<\/p>\n<p>En cualquier caso le informamos de que, dado que las Cookies no son necesarias para el uso de nuestro Sitio Web, puede bloquearlas o deshabilitarlas activando la configuraci\u00f3n de su navegador, que le permite rechazar la instalaci\u00f3n de todas las cookies o de algunas de ellas. La pr\u00e1ctica mayor\u00eda de los navegadores permiten advertir de la presencia de Cookies o rechazarlas autom\u00e1ticamente. Si las rechaza podr\u00e1 seguir usando nuestro Sitio Web, aunque el uso de algunos de sus servicios podr\u00e1 ser limitado y por tanto su experiencia en nuestro Sitio Web menos satisfactoria.<\/p>\n<p>A continuaci\u00f3n te indicamos los links de los principales navegadores y dispositivos para que dispongas de toda la informaci\u00f3n para consultar c\u00f3mo gestionar las cookies en tu navegador.<\/p>\n<div id=\"links\">\n<p>Internet Explorer\u2122 :<\/p>\n<p>Versi\u00f3n 5<br \/>\n<a href=\"http:\/\/support.microsoft.com\/kb\/196955\/es\" target=\"_blank\" rel=\"noopener noreferrer\">http:\/\/support.microsoft.com\/kb\/196955\/es<\/a><\/p>\n<p>Versi\u00f3n 6<br \/>\n<a href=\"http:\/\/support.microsoft.com\/kb\/283185\/es\" target=\"_blank\" rel=\"noopener noreferrer\">http:\/\/support.microsoft.com\/kb\/283185\/es<\/a><\/p>\n<p>Versi\u00f3n 7 y 8<br \/>\n<a href=\"http:\/\/windows.microsoft.com\/es-ES\/windows-vista\/Block-or-allow-cookies\" target=\"_blank\" rel=\"noopener noreferrer\">http:\/\/windows.microsoft.com\/es-ES\/windows-vista\/Block-or-allow-cookies<\/a><\/p>\n<p>Versi\u00f3n 9<br \/>\n<a href=\"http:\/\/windows.microsoft.com\/es-ES\/windows7\/How-to-manage-cookies-in-Internet-Explorer-9\" target=\"_blank\" rel=\"noopener noreferrer\">http:\/\/windows.microsoft.com\/es-ES\/windows7\/How-to-manage-cookies-in-Internet-Explorer-9<\/a><\/p>\n<p>Safari\u2122:<br \/>\n<a href=\"http:\/\/support.apple.com\/kb\/PH5042?viewlocale=es_ES\" target=\"_blank\" rel=\"noopener noreferrer\">http:\/\/support.apple.com\/kb\/PH5042?viewlocale=es_ES<\/a><a href=\"http:\/\/support.apple.com\/kb\/HT1677?viewlocale=es_ES\" target=\"_blank\" rel=\"noopener noreferrer\">http:\/\/support.apple.com\/kb\/HT1677?viewlocale=es_ES<\/a><\/p>\n<p>Google\u2122<a href=\"https:\/\/support.google.com\/chrome\/answer\/95647?hl=es&amp;hlrm=en\" target=\"_blank\" rel=\"noopener noreferrer\">https:\/\/support.google.com\/chrome\/answer\/95647?hl=es&amp;hlrm=en<\/a><\/p>\n<p>Firefox\u2122:<br \/>\n<a href=\"http:\/\/support.mozilla.org\/es\/kb\/cookies-informacion-que-los-sitios-web-guardan-en-?redirectlocale=en-US&amp;redirectslug=Cookies\" target=\"_blank\" rel=\"noopener noreferrer\">http:\/\/support.mozilla.org\/es\/kb\/cookies-informacion-que-los-sitios-web-guardan-en-?redirectlocale=en-US&amp;redirectslug=Cookies<\/a><\/p>\n<p>Opera\u2122 :<br \/>\n<a href=\"http:\/\/help.opera.com\/Windows\/11.50\/es-ES\/cookies.html\" target=\"_blank\" rel=\"noopener noreferrer\">http:\/\/help.opera.com\/Windows\/11.50\/es-ES\/cookies.html<\/a><\/p>\n<p>Android<br \/>\n<a href=\"http:\/\/support.google.com\/android\/?hl=es\" target=\"_blank\" rel=\"noopener noreferrer\">http:\/\/support.google.com\/android\/?hl=es<\/a><\/p>\n<p>Windows Phone<br \/>\n<a href=\"http:\/\/www.windowsphone.com\/es-ES\/how-to\/wp7\/web\/changing-privacy-and-other-browser-settings\" target=\"_blank\" rel=\"noopener noreferrer\">http:\/\/www.windowsphone.com\/es-ES\/how-to\/wp7\/web\/changing-privacy-and-other-browser-settings<\/a><\/p>\n<p>Blackberry<br \/>\n<a href=\"http:\/\/docs.blackberry.com\/en\/smartphone_users\/deliverables\/18578\/Turn_off_cookies_in_the_browser_60_1072866_11.jsp\" target=\"_blank\" rel=\"noopener noreferrer\">http:\/\/docs.blackberry.com\/en\/smartphone_users\/deliverables\/18578\/Turn_off_cookies_in_the_browser_60_1072866_11.jsp<\/a><\/p>\n<\/div>\n<p>\u00bfActualizamos nuestra Pol\u00edtica de Cookies?<\/p>\n<p>Es posible que actualicemos la Pol\u00edtica de Cookies de nuestro Sitio Web, por ello le recomendamos revisar esta pol\u00edtica cada vez que acceda a nuestro Sitio Web con el objetivo de estar adecuadamente informado sobre c\u00f3mo y para qu\u00e9 usamos las cookies. La Pol\u00edtica de Cookies se actualiz\u00f3 por \u00faltima vez a fecha [04 de abril de 2014].<\/p>\n<\/div>\n","protected":false},"excerpt":{"rendered":"<p>Este sitio web, al igual que la mayor\u00eda de los sitios en Internet, usa Cookies para mejorar y optimizar la experiencia del usuario. A continuaci\u00f3n encontrar\u00e1s informaci\u00f3n detallada sobre qu\u00e9 son las \u201cCookies\u201d, qu\u00e9 tipolog\u00eda utiliza este sitio web, c\u00f3mo puedes desactivarlas en tu navegador y c\u00f3mo bloquear espec\u00edficamente la instalaci\u00f3n de Cookies de terceros. [&hellip;]<\/p>\n","protected":false},"author":3,"featured_media":0,"parent":0,"menu_order":0,"comment_status":"open","ping_status":"open","template":"","meta":{"site-sidebar-layout":"no-sidebar","site-content-layout":"plain-container","ast-site-content-layout":"","site-content-style":"default","site-sidebar-style":"default","ast-global-header-display":"","ast-banner-title-visibility":"","ast-main-header-display":"","ast-hfb-above-header-display":"","ast-hfb-below-header-display":"","ast-hfb-mobile-header-display":"","site-post-title":"","ast-breadcrumbs-content":"","ast-featured-img":"","footer-sml-layout":"","theme-transparent-header-meta":"default","adv-header-id-meta":"","stick-header-meta":"","header-above-stick-meta":"","header-main-stick-meta":"","header-below-stick-meta":"","astra-migrate-meta-layouts":"default","ast-page-background-enabled":"default","ast-page-background-meta":{"desktop":{"background-color":"","background-image":"","background-repeat":"repeat","background-position":"center center","background-size":"auto","background-attachment":"scroll","background-type":"","background-media":"","overlay-type":"","overlay-color":"","overlay-opacity":"","overlay-gradient":""},"tablet":{"background-color":"","background-image":"","background-repeat":"repeat","background-position":"center center","background-size":"auto","background-attachment":"scroll","background-type":"","background-media":"","overlay-type":"","overlay-color":"","overlay-opacity":"","overlay-gradient":""},"mobile":{"background-color":"","background-image":"","background-repeat":"repeat","background-position":"center center","background-size":"auto","background-attachment":"scroll","background-type":"","background-media":"","overlay-type":"","overlay-color":"","overlay-opacity":"","overlay-gradient":""}},"ast-content-background-meta":{"desktop":{"background-color":"var(--ast-global-color-5)","background-image":"","background-repeat":"repeat","background-position":"center center","background-size":"auto","background-attachment":"scroll","background-type":"","background-media":"","overlay-type":"","overlay-color":"","overlay-opacity":"","overlay-gradient":""},"tablet":{"background-color":"var(--ast-global-color-5)","background-image":"","background-repeat":"repeat","background-position":"center center","background-size":"auto","background-attachment":"scroll","background-type":"","background-media":"","overlay-type":"","overlay-color":"","overlay-opacity":"","overlay-gradient":""},"mobile":{"background-color":"var(--ast-global-color-5)","background-image":"","background-repeat":"repeat","background-position":"center center","background-size":"auto","background-attachment":"scroll","background-type":"","background-media":"","overlay-type":"","overlay-color":"","overlay-opacity":"","overlay-gradient":""}},"footnotes":""},"_links":{"self":[{"href":"https:\/\/carloscortesleon.com\/micasa\/wp-json\/wp\/v2\/pages\/291"}],"collection":[{"href":"https:\/\/carloscortesleon.com\/micasa\/wp-json\/wp\/v2\/pages"}],"about":[{"href":"https:\/\/carloscortesleon.com\/micasa\/wp-json\/wp\/v2\/types\/page"}],"author":[{"embeddable":true,"href":"https:\/\/carloscortesleon.com\/micasa\/wp-json\/wp\/v2\/users\/3"}],"replies":[{"embeddable":true,"href":"https:\/\/carloscortesleon.com\/micasa\/wp-json\/wp\/v2\/comments?post=291"}],"version-history":[{"count":1,"href":"https:\/\/carloscortesleon.com\/micasa\/wp-json\/wp\/v2\/pages\/291\/revisions"}],"predecessor-version":[{"id":678,"href":"https:\/\/carloscortesleon.com\/micasa\/wp-json\/wp\/v2\/pages\/291\/revisions\/678"}],"wp:attachment":[{"href":"https:\/\/carloscortesleon.com\/micasa\/wp-json\/wp\/v2\/media?parent=291"}],"curies":[{"name":"wp","href":"https:\/\/api.w.org\/{rel}","templated":true}]}}