{"id":2,"date":"2013-07-26T10:28:22","date_gmt":"2013-07-26T10:28:22","guid":{"rendered":"http:\/\/carloscortesleon.com\/cms\/?page_id=2"},"modified":"2022-10-19T17:58:06","modified_gmt":"2022-10-19T17:58:06","slug":"pagina-ejemplo","status":"publish","type":"page","link":"https:\/\/carloscortesleon.com\/micasa\/","title":{"rendered":"inicio"},"content":{"rendered":"<div class=\"wpb-content-wrapper\"><p>[vc_row css=\u00bb.vc_custom_1601898841496{margin-top: 20px !important;}\u00bb][vc_column css=\u00bb.vc_custom_1601911742966{background-image: url(https:\/\/carloscortesleon.com\/micasa\/wp-content\/uploads\/2020\/10\/casa.jpg?id=473) !important;background-position: center !important;background-repeat: no-repeat !important;background-size: contain !important;}\u00bb offset=\u00bbvc_hidden-md vc_hidden-sm vc_hidden-xs\u00bb][vc_empty_space][vc_raw_html css=\u00bb.vc_custom_1601973144845{background-position: center !important;background-repeat: no-repeat !important;background-size: contain !important;}\u00bb]JTNDdWwlMjBpZCUzRCUyMmNhc2ElMjIlM0UlMEElM0NsaSUyMGlkJTNEJTIyY29uc3VsdG9yaWElMjIlM0UlM0NhJTIwaHJlZiUzRCUyMiUyRm1pY2FzYSUyRmNvbnN1bHRvcmlhJTJGJTIyJTNFY29uc3VsdG9yJUMzJUFEYSUzQyUyRmElM0UlM0MlMkZsaSUzRSUwQSUzQ2xpJTIwaWQlM0QlMjJjdXJzb3MlMjIlM0UlM0NhJTIwaHJlZiUzRCUyMiUyRm1pY2FzYSUyRmN1cnNvcy15LWNvbmZlcmVuY2lhcyUyRiUyMiUzRWN1cnNvcyUyMHklM0NiciUzRWNvbmZlcmVuY2lhcyUzQyUyRmElM0UlM0MlMkZsaSUzRSUwQSUzQ2xpJTIwaWQlM0QlMjJhYm91dCUyMiUzRSUzQ2ElMjBocmVmJTNEJTIyJTJGbWljYXNhJTJGYWNlcmNhLWRlLW1pJTJGJTIyJTNFYWNlcmNhJTIwZGUlMjBtJUMzJUFEJTNDJTJGYSUzRSUzQyUyRmxpJTNFJTBBJTNDbGklMjBpZCUzRCUyMmVzcGVqbyUyMiUzRSUzQ2ElMjBocmVmJTNEJTIyJTJGbWljYXNhJTJGZWwtZXNwZWpvJTJGJTIyJTNFZWwlMjBlc3Blam8lM0MlMkZhJTNFJTNDJTJGbGklM0UlMEElM0NsaSUyMGlkJTNEJTIyY29hY2hpbmclMjIlM0UlM0NhJTIwaHJlZiUzRCUyMiUyRm1pY2FzYSUyRmNvYWNoaW5nJTJGJTIyJTNFY29hY2hpbmclM0MlMkZhJTNFJTIwJTNDJTJGbGklM0UlMEElM0NsaSUyMGlkJTNEJTIycHVibGljYWNpb25lcyUyMiUzRSUzQ2ElMjBocmVmJTNEJTIyJTJGbWljYXNhJTJGcHVibGljYWNpb25lcyUyRiUyMiUzRXB1YmxpY2FjaW9uZXMlM0MlMkZhJTNFJTNDJTJGbGklM0UlMEElM0NsaSUyMGlkJTNEJTIyYmxvZyUyMiUzRSUzQ2ElMjBocmVmJTNEJTIyaHR0cHMlM0ElMkYlMkZyaHNvY2lhbC53b3JkcHJlc3MuY29tJTJGJTIyJTNFYmxvZyUzQyUyRmElM0UlM0MlMkZsaSUzRSUwQSUzQyUyRnVsJTNF[\/vc_raw_html][\/vc_column][\/vc_row][vc_row css=\u00bb.vc_custom_1601969862685{margin-top: 0px !important;}\u00bb][vc_column css=\u00bb.vc_custom_1601969783492{background-position: center !important;background-repeat: no-repeat !important;background-size: contain !important;}\u00bb offset=\u00bbvc_hidden-lg\u00bb][vc_single_image image=\u00bb473&#8243; img_size=\u00bbfull\u00bb][\/vc_column][\/vc_row][vc_row][vc_column width=\u00bb2\/3&#8243;][vc_empty_space][vc_column_text]Me gusta definirme como lutier, de personas y de organizaciones. Mi pasi\u00f3n son las personas.<\/p>\n<p>Apuesto por las emociones. Por el lenguaje. Por la m\u00fasica, que nace \u201cdonde fracasa la palabra\u201d. Y en la acci\u00f3n, que produce cambio y facilita que otro mundo es\u2026perd\u00f3n\u2026 \u00a1est\u00e1 siendo posible!<\/p>\n<p>Ayudar a las personas desde el Coaching, desde la mejor gesti\u00f3n de sus emociones, en su entorno profesional, ayudando a las organizaciones a creer en sus personas. Porque la organizaci\u00f3n no es sino eso, un conjunto de personas que apuestan por algo.<\/p>\n<p>Soy optimista, porque siempre tengo un proyecto, y no tengo excusas. Soy creativo, para la felicidad. Soy social, es decir, creo que un mundo de igualdad de oportunidades y en todos los caminos que existen y los que crearemos para lograrlo. Donde hay un deseo hay un camino, reza un dicho Swahili. Y soy pr\u00e1ctico, para la realidad que vivimos, hoy, ahora, y que construimos con cada elecci\u00f3n.<\/p>\n<p>Elijo acompa\u00f1ar a las personas en este proceso extraordinario que es la vida.<\/p>\n<p><strong>Pasa, te escucho.<\/strong><\/p>\n<blockquote><p>\u201cMe gusta la vida. Es como estar siempre en el escenario\u2026\u201d CBM<\/p><\/blockquote>\n<p>[\/vc_column_text][vc_separator][vc_video link=\u00bbhttps:\/\/youtu.be\/HM1D55n8eWM\u00bb][vc_column_text]<\/p>\n<h2>Making-of Happy Together, en el TEDx<\/h2>\n<p><i>Carlos Cort\u00e9s es consultor social, conferenciante y coach personal. M\u00fasico de vocaci\u00f3n, se define como lutier para la transformaci\u00f3n de personas. Ha desarrollado su carrera en la empresa privada y en el Tercer Sector. Fundador de iniciativas como RhSocial y Sector Cuatro, ha publicado varios libros y art\u00edculos. Es profesor en escuelas de negocios y Universidades sobre gesti\u00f3n de personas y organizaciones en el \u00e1mbito no lucrativo. Acompa\u00f1a a personas y organizaciones a encontrar y seguir sus procesos de cambio, guiados desde su inteligencia emocional y sentido com\u00fan. \u00abDonde hay un deseo, hay un camino\u00bb.<\/i>[\/vc_column_text][\/vc_column][vc_column width=\u00bb1\/3&#8243; el_class=\u00bbdestacado\u00bb][vc_row_inner][vc_column_inner][vc_column_text]<\/p>\n<h2 class=\"titulo\">Destacados<\/h2>\n<p>[\/vc_column_text][\/vc_column_inner][\/vc_row_inner][vc_row_inner][vc_column_inner width=\u00bb1\/3&#8243;][vc_single_image image=\u00bb342&#8243; onclick=\u00bbcustom_link\u00bb img_link_target=\u00bb_blank\u00bb link=\u00bbhttps:\/\/www.slideshare.net\/ESADE\/la-influencia-de-la-rse-en-la-gestin-de-personas-buenas-prcticas\u00bb][\/vc_column_inner][vc_column_inner width=\u00bb2\/3&#8243;][vc_column_text]<\/p>\n<h2><a href=\"https:\/\/www.esade.edu\/faculty-research\/es\/instituto-de-innovacion-social\/publication\/la-influencia-de-la-rse-en-la-gestion-de-personas\">Estudio sobre La influencia de la RSE en la gesti\u00f3n de personas<\/a><\/h2>\n<p>Estudio sobre La influencia de la RSE en la gesti\u00f3n de personas. Esade, septiembre 2019[\/vc_column_text][\/vc_column_inner][\/vc_row_inner][vc_row_inner][vc_column_inner width=\u00bb1\/3&#8243;][vc_single_image image=\u00bb344&#8243; onclick=\u00bbcustom_link\u00bb img_link_target=\u00bb_blank\u00bb link=\u00bbhttps:\/\/carloscortesleon.com\/micasa\/wp-admin\/about.php\u00bb][\/vc_column_inner][vc_column_inner width=\u00bb2\/3&#8243;][vc_column_text]<\/p>\n<h2>MOOC sobre gesti\u00f3n del talento en el Tercer Sector. Gratuito<\/h2>\n<p>MOOC sobre gesti\u00f3n del talento en el Tercer Sector. Gratuito. Dos ediciones anuales (en migraci\u00f3n a la plataforma https:\/\/www.edx.org\/es)[\/vc_column_text][\/vc_column_inner][\/vc_row_inner][vc_row_inner][vc_column_inner width=\u00bb1\/3&#8243;][vc_single_image image=\u00bb281&#8243; onclick=\u00bbcustom_link\u00bb link=\u00bbhttps:\/\/carloscortesleon.com\/micasa\/publicaciones\/\u00bb][\/vc_column_inner][vc_column_inner width=\u00bb2\/3&#8243;][vc_column_text]<\/p>\n<h2><a href=\"https:\/\/carloscortesleon.com\/micasa\/publicaciones\/\">\u00daltimas publicaciones<\/a><\/h2>\n<p>\u00a1\u00daltimas publicaciones y lo m\u00e1s le\u00eddo![\/vc_column_text][\/vc_column_inner][\/vc_row_inner][vc_row_inner][vc_column_inner width=\u00bb1\/3&#8243;][vc_single_image image=\u00bb1113&#8243; onclick=\u00bbcustom_link\u00bb img_link_target=\u00bb_blank\u00bb link=\u00bbhttps:\/\/www.youtube.com\/watch?v=toYFkFcq9Fg\u00bb][\/vc_column_inner][vc_column_inner width=\u00bb2\/3&#8243;][vc_column_text]<\/p>\n<h2><a href=\"https:\/\/youtu.be\/toYFkFcq9Fg\" target=\"_blank\" rel=\"noopener noreferrer\">Himno a Fundaciones<\/a><\/h2>\n<p>Estreno del Himno a las Fundaciones. M\u00fasica original, Carlos Cort\u00e9s. Letra, Javier Ruiz y Carlos Cort\u00e9s \u00abS\u00e9 el cambio que quieras ver en el mundo.\u00bb[\/vc_column_text][\/vc_column_inner][\/vc_row_inner][vc_row_inner][vc_column_inner css=\u00bb.vc_custom_1601904793582{background-color: #d8e9f2 !important;}\u00bb][vc_column_text]<\/p>\n<h2>Env\u00edeme sus datos y le mantendr\u00e9 informado de mi actividad<\/h2>\n<p>[\/vc_column_text]\n<div class=\"wpcf7 no-js\" id=\"wpcf7-f409-o1\" lang=\"es-ES\" dir=\"ltr\">\n<div class=\"screen-reader-response\"><p role=\"status\" aria-live=\"polite\" aria-atomic=\"true\"><\/p> <ul><\/ul><\/div>\n<form action=\"\/micasa\/wp-json\/wp\/v2\/pages\/2#wpcf7-f409-o1\" method=\"post\" class=\"wpcf7-form init\" aria-label=\"Formulario de contacto\" novalidate=\"novalidate\" data-status=\"init\">\n<div style=\"display: none;\">\n<input type=\"hidden\" name=\"_wpcf7\" value=\"409\" \/>\n<input type=\"hidden\" name=\"_wpcf7_version\" value=\"5.9.5\" \/>\n<input type=\"hidden\" name=\"_wpcf7_locale\" value=\"es_ES\" \/>\n<input type=\"hidden\" name=\"_wpcf7_unit_tag\" value=\"wpcf7-f409-o1\" \/>\n<input type=\"hidden\" name=\"_wpcf7_container_post\" value=\"0\" \/>\n<input type=\"hidden\" name=\"_wpcf7_posted_data_hash\" value=\"\" \/>\n<\/div>\n<p><label>Nombre*<span class=\"wpcf7-form-control-wrap\" data-name=\"your-name\"><input size=\"40\" class=\"wpcf7-form-control wpcf7-text wpcf7-validates-as-required\" aria-required=\"true\" aria-invalid=\"false\" value=\"\" type=\"text\" name=\"your-name\" \/><\/span> <\/label><br \/>\n<label>E-mail* <span class=\"wpcf7-form-control-wrap\" data-name=\"your-email\"><input size=\"40\" class=\"wpcf7-form-control wpcf7-email wpcf7-validates-as-required wpcf7-text wpcf7-validates-as-email\" aria-required=\"true\" aria-invalid=\"false\" value=\"\" type=\"email\" name=\"your-email\" \/><\/span> <\/label><br \/>\n<input class=\"wpcf7-form-control wpcf7-submit has-spinner\" type=\"submit\" value=\"Enviar\" \/>\n<\/p><div class=\"wpcf7-response-output\" aria-hidden=\"true\"><\/div>\n<\/form>\n<\/div>\n[\/vc_column_inner][\/vc_row_inner][\/vc_column][\/vc_row][vc_row][vc_column][vc_empty_space][\/vc_column][\/vc_row]<\/p>\n<\/div>","protected":false},"excerpt":{"rendered":"<p>[vc_row css=\u00bb.vc_custom_1601898841496{margin-top: 20px !important;}\u00bb][vc_column css=\u00bb.vc_custom_1601911742966{background-image: url(https:\/\/carloscortesleon.com\/micasa\/wp-content\/uploads\/2020\/10\/casa.jpg?id=473) !important;background-position: center !important;background-repeat: no-repeat !important;background-size: contain !important;}\u00bb offset=\u00bbvc_hidden-md vc_hidden-sm vc_hidden-xs\u00bb][vc_empty_space][vc_raw_html css=\u00bb.vc_custom_1601973144845{background-position: center !important;background-repeat: no-repeat !important;background-size: contain !important;}\u00bb]JTNDdWwlMjBpZCUzRCUyMmNhc2ElMjIlM0UlMEElM0NsaSUyMGlkJTNEJTIyY29uc3VsdG9yaWElMjIlM0UlM0NhJTIwaHJlZiUzRCUyMiUyRm1pY2FzYSUyRmNvbnN1bHRvcmlhJTJGJTIyJTNFY29uc3VsdG9yJUMzJUFEYSUzQyUyRmElM0UlM0MlMkZsaSUzRSUwQSUzQ2xpJTIwaWQlM0QlMjJjdXJzb3MlMjIlM0UlM0NhJTIwaHJlZiUzRCUyMiUyRm1pY2FzYSUyRmN1cnNvcy15LWNvbmZlcmVuY2lhcyUyRiUyMiUzRWN1cnNvcyUyMHklM0NiciUzRWNvbmZlcmVuY2lhcyUzQyUyRmElM0UlM0MlMkZsaSUzRSUwQSUzQ2xpJTIwaWQlM0QlMjJhYm91dCUyMiUzRSUzQ2ElMjBocmVmJTNEJTIyJTJGbWljYXNhJTJGYWNlcmNhLWRlLW1pJTJGJTIyJTNFYWNlcmNhJTIwZGUlMjBtJUMzJUFEJTNDJTJGYSUzRSUzQyUyRmxpJTNFJTBBJTNDbGklMjBpZCUzRCUyMmVzcGVqbyUyMiUzRSUzQ2ElMjBocmVmJTNEJTIyJTJGbWljYXNhJTJGZWwtZXNwZWpvJTJGJTIyJTNFZWwlMjBlc3Blam8lM0MlMkZhJTNFJTNDJTJGbGklM0UlMEElM0NsaSUyMGlkJTNEJTIyY29hY2hpbmclMjIlM0UlM0NhJTIwaHJlZiUzRCUyMiUyRm1pY2FzYSUyRmNvYWNoaW5nJTJGJTIyJTNFY29hY2hpbmclM0MlMkZhJTNFJTIwJTNDJTJGbGklM0UlMEElM0NsaSUyMGlkJTNEJTIycHVibGljYWNpb25lcyUyMiUzRSUzQ2ElMjBocmVmJTNEJTIyJTJGbWljYXNhJTJGcHVibGljYWNpb25lcyUyRiUyMiUzRXB1YmxpY2FjaW9uZXMlM0MlMkZhJTNFJTNDJTJGbGklM0UlMEElM0NsaSUyMGlkJTNEJTIyYmxvZyUyMiUzRSUzQ2ElMjBocmVmJTNEJTIyaHR0cHMlM0ElMkYlMkZyaHNvY2lhbC53b3JkcHJlc3MuY29tJTJGJTIyJTNFYmxvZyUzQyUyRmElM0UlM0MlMkZsaSUzRSUwQSUzQyUyRnVsJTNF[\/vc_raw_html][\/vc_column][\/vc_row][vc_row css=\u00bb.vc_custom_1601969862685{margin-top: 0px !important;}\u00bb][vc_column css=\u00bb.vc_custom_1601969783492{background-position: center !important;background-repeat: no-repeat !important;background-size: contain !important;}\u00bb offset=\u00bbvc_hidden-lg\u00bb][vc_single_image image=\u00bb473&#8243; img_size=\u00bbfull\u00bb][\/vc_column][\/vc_row][vc_row][vc_column width=\u00bb2\/3&#8243;][vc_empty_space][vc_column_text]Me gusta definirme como lutier, de personas y de organizaciones. Mi pasi\u00f3n son las personas. Apuesto por las emociones. [&hellip;]<\/p>\n","protected":false},"author":3,"featured_media":0,"parent":0,"menu_order":1,"comment_status":"closed","ping_status":"closed","template":"","meta":{"site-sidebar-layout":"no-sidebar","site-content-layout":"plain-container","ast-site-content-layout":"","site-content-style":"default","site-sidebar-style":"default","ast-global-header-display":"","ast-banner-title-visibility":"","ast-main-header-display":"","ast-hfb-above-header-display":"","ast-hfb-below-header-display":"","ast-hfb-mobile-header-display":"","site-post-title":"disabled","ast-breadcrumbs-content":"","ast-featured-img":"","footer-sml-layout":"","theme-transparent-header-meta":"default","adv-header-id-meta":"","stick-header-meta":"","header-above-stick-meta":"","header-main-stick-meta":"","header-below-stick-meta":"","astra-migrate-meta-layouts":"default","ast-page-background-enabled":"default","ast-page-background-meta":{"desktop":{"background-color":"","background-image":"","background-repeat":"repeat","background-position":"center center","background-size":"auto","background-attachment":"scroll","background-type":"","background-media":"","overlay-type":"","overlay-color":"","overlay-opacity":"","overlay-gradient":""},"tablet":{"background-color":"","background-image":"","background-repeat":"repeat","background-position":"center center","background-size":"auto","background-attachment":"scroll","background-type":"","background-media":"","overlay-type":"","overlay-color":"","overlay-opacity":"","overlay-gradient":""},"mobile":{"background-color":"","background-image":"","background-repeat":"repeat","background-position":"center center","background-size":"auto","background-attachment":"scroll","background-type":"","background-media":"","overlay-type":"","overlay-color":"","overlay-opacity":"","overlay-gradient":""}},"ast-content-background-meta":{"desktop":{"background-color":"var(--ast-global-color-5)","background-image":"","background-repeat":"repeat","background-position":"center center","background-size":"auto","background-attachment":"scroll","background-type":"","background-media":"","overlay-type":"","overlay-color":"","overlay-opacity":"","overlay-gradient":""},"tablet":{"background-color":"var(--ast-global-color-5)","background-image":"","background-repeat":"repeat","background-position":"center center","background-size":"auto","background-attachment":"scroll","background-type":"","background-media":"","overlay-type":"","overlay-color":"","overlay-opacity":"","overlay-gradient":""},"mobile":{"background-color":"var(--ast-global-color-5)","background-image":"","background-repeat":"repeat","background-position":"center center","background-size":"auto","background-attachment":"scroll","background-type":"","background-media":"","overlay-type":"","overlay-color":"","overlay-opacity":"","overlay-gradient":""}},"footnotes":""},"_links":{"self":[{"href":"https:\/\/carloscortesleon.com\/micasa\/wp-json\/wp\/v2\/pages\/2"}],"collection":[{"href":"https:\/\/carloscortesleon.com\/micasa\/wp-json\/wp\/v2\/pages"}],"about":[{"href":"https:\/\/carloscortesleon.com\/micasa\/wp-json\/wp\/v2\/types\/page"}],"author":[{"embeddable":true,"href":"https:\/\/carloscortesleon.com\/micasa\/wp-json\/wp\/v2\/users\/3"}],"replies":[{"embeddable":true,"href":"https:\/\/carloscortesleon.com\/micasa\/wp-json\/wp\/v2\/comments?post=2"}],"version-history":[{"count":42,"href":"https:\/\/carloscortesleon.com\/micasa\/wp-json\/wp\/v2\/pages\/2\/revisions"}],"predecessor-version":[{"id":1911,"href":"https:\/\/carloscortesleon.com\/micasa\/wp-json\/wp\/v2\/pages\/2\/revisions\/1911"}],"wp:attachment":[{"href":"https:\/\/carloscortesleon.com\/micasa\/wp-json\/wp\/v2\/media?parent=2"}],"curies":[{"name":"wp","href":"https:\/\/api.w.org\/{rel}","templated":true}]}}