{"id":13,"date":"2013-10-10T07:09:38","date_gmt":"2013-10-10T07:09:38","guid":{"rendered":"http:\/\/carloscortesleon.com\/cms\/?page_id=13"},"modified":"2023-01-04T10:25:16","modified_gmt":"2023-01-04T10:25:16","slug":"coaching","status":"publish","type":"page","link":"https:\/\/carloscortesleon.com\/micasa\/coaching\/","title":{"rendered":"coaching"},"content":{"rendered":"<div class=\"wpb-content-wrapper\"><p>[vc_row][vc_column][\/vc_column][\/vc_row][vc_row][vc_column width=\u00bb1\/3&#8243;][vc_single_image image=\u00bb151&#8243; img_size=\u00bbfull\u00bb][vc_single_image image=\u00bb601&#8243; img_size=\u00bbfull\u00bb][\/vc_column][vc_column width=\u00bb2\/3&#8243;][vc_column_text]<\/p>\n<h2>\u00bfQu\u00e9 es para m\u00ed?<\/h2>\n<p>Sinceramente, a\u00fan no puedo definirlo. Cada proceso es distinto, enriquecedor, retante, como una monta\u00f1a rusa. Es un proceso orientado a resultados, para que consigas tus objetivos.<\/p>\n<p>Ha sido un descubrimiento para compartir. Me permite ser espejo, acompa\u00f1ar y apoyar, confrontar e incomodar, respetar absolutamente, confiar m\u00e1s all\u00e1, de mi m\u00e1s profunda pasi\u00f3n: las personas.<\/p>\n<h2><\/h2>\n<h2>\u00bfQu\u00e9 ofrezco?<\/h2>\n<p>Me he certificado como <i>Coach por la <\/i><i><a href=\"https:\/\/www.escuelacoaching.com\/\"><span style=\"text-decoration: underline;\">Escuela Europea de Coaching<\/span><\/a>. <\/i>Siendo actualmente <i>miembro de <\/i><i><span style=\"text-decoration: underline;\">ICF International<\/span><\/i> y <i><span style=\"text-decoration: underline;\">ICF Espa\u00f1a<\/span> con certificaci\u00f3n PCC <\/i>(equivalente a senior).<\/p>\n<p>Formado tambi\u00e9n como <span style=\"text-decoration: underline;\"><em>coach de equipos y sist\u00e9mico<\/em> <\/span>en el <i><a href=\"https:\/\/centrodelcoaching.es\/\"><span style=\"text-decoration: underline;\">Centro de Estudios del Coaching<\/span><\/a><\/i>. Me permite completar la visi\u00f3n individual con la perspectiva sist\u00e9mica de cada persona y cada equipo. Y trabajar de manera continuada con equipos con retos y dificultades para que encuentren los recursos necesarios para cumplir su prop\u00f3sito.<\/p>\n<p>Actualmente soy formador en el <a href=\"https:\/\/centrodelcoaching.es\/coaching-de-equipos\/\">programa de formaci\u00f3n de coaching de equipos del Centro de Estudios del Coaching<\/a>.<\/p>\n<h2><\/h2>\n<h2>\u00bfQu\u00e9 puedes conseguir?<\/h2>\n<p>Confianza en ti. Recursos que tienes y que a\u00fan no conoces. Cambio y oportunidades. Otra forma de ver tu realidad y de esa manera controlar tu futuro. Conseguir resultados extraordinarios, porque eres extraordinario. Un espejo para tus dudas. Un incomodador cordial para tus mecanismos de defensa. Un camino nuevo en el que te acompa\u00f1o sin juicios.<\/p>\n<div>\n<div data-iframe-width=\"150\" data-iframe-height=\"270\" data-share-badge-id=\"1e8dfbbc-5930-4244-b27a-a7dfc32ff70b\" data-share-badge-host=\"https:\/\/www.youracclaim.com\"><\/div>\n<p><script type=\"text\/javascript\" async=\"\" src=\"\/\/cdn.youracclaim.com\/assets\/utilities\/embed.js\"><\/script><\/p>\n<p>&nbsp;<\/p>\n<\/div>\n<p>[\/vc_column_text][\/vc_column][\/vc_row][vc_row][vc_column][vc_empty_space][\/vc_column][\/vc_row]<\/p>\n<\/div>","protected":false},"excerpt":{"rendered":"<p>[vc_row][vc_column][\/vc_column][\/vc_row][vc_row][vc_column width=\u00bb1\/3&#8243;][vc_single_image image=\u00bb151&#8243; img_size=\u00bbfull\u00bb][vc_single_image image=\u00bb601&#8243; img_size=\u00bbfull\u00bb][\/vc_column][vc_column width=\u00bb2\/3&#8243;][vc_column_text] \u00bfQu\u00e9 es para m\u00ed? Sinceramente, a\u00fan no puedo definirlo. Cada proceso es distinto, enriquecedor, retante, como una monta\u00f1a rusa. Es un proceso orientado a resultados, para que consigas tus objetivos. Ha sido un descubrimiento para compartir. Me permite ser espejo, acompa\u00f1ar y apoyar, confrontar e incomodar, respetar absolutamente, [&hellip;]<\/p>\n","protected":false},"author":3,"featured_media":0,"parent":0,"menu_order":4,"comment_status":"closed","ping_status":"closed","template":"","meta":{"site-sidebar-layout":"no-sidebar","site-content-layout":"plain-container","ast-site-content-layout":"","site-content-style":"default","site-sidebar-style":"default","ast-global-header-display":"","ast-banner-title-visibility":"","ast-main-header-display":"","ast-hfb-above-header-display":"","ast-hfb-below-header-display":"","ast-hfb-mobile-header-display":"","site-post-title":"","ast-breadcrumbs-content":"","ast-featured-img":"disabled","footer-sml-layout":"","theme-transparent-header-meta":"default","adv-header-id-meta":"","stick-header-meta":"","header-above-stick-meta":"","header-main-stick-meta":"","header-below-stick-meta":"","astra-migrate-meta-layouts":"default","ast-page-background-enabled":"default","ast-page-background-meta":{"desktop":{"background-color":"","background-image":"","background-repeat":"repeat","background-position":"center center","background-size":"auto","background-attachment":"scroll","background-type":"","background-media":"","overlay-type":"","overlay-color":"","overlay-opacity":"","overlay-gradient":""},"tablet":{"background-color":"","background-image":"","background-repeat":"repeat","background-position":"center center","background-size":"auto","background-attachment":"scroll","background-type":"","background-media":"","overlay-type":"","overlay-color":"","overlay-opacity":"","overlay-gradient":""},"mobile":{"background-color":"","background-image":"","background-repeat":"repeat","background-position":"center center","background-size":"auto","background-attachment":"scroll","background-type":"","background-media":"","overlay-type":"","overlay-color":"","overlay-opacity":"","overlay-gradient":""}},"ast-content-background-meta":{"desktop":{"background-color":"var(--ast-global-color-5)","background-image":"","background-repeat":"repeat","background-position":"center center","background-size":"auto","background-attachment":"scroll","background-type":"","background-media":"","overlay-type":"","overlay-color":"","overlay-opacity":"","overlay-gradient":""},"tablet":{"background-color":"var(--ast-global-color-5)","background-image":"","background-repeat":"repeat","background-position":"center center","background-size":"auto","background-attachment":"scroll","background-type":"","background-media":"","overlay-type":"","overlay-color":"","overlay-opacity":"","overlay-gradient":""},"mobile":{"background-color":"var(--ast-global-color-5)","background-image":"","background-repeat":"repeat","background-position":"center center","background-size":"auto","background-attachment":"scroll","background-type":"","background-media":"","overlay-type":"","overlay-color":"","overlay-opacity":"","overlay-gradient":""}},"footnotes":""},"_links":{"self":[{"href":"https:\/\/carloscortesleon.com\/micasa\/wp-json\/wp\/v2\/pages\/13"}],"collection":[{"href":"https:\/\/carloscortesleon.com\/micasa\/wp-json\/wp\/v2\/pages"}],"about":[{"href":"https:\/\/carloscortesleon.com\/micasa\/wp-json\/wp\/v2\/types\/page"}],"author":[{"embeddable":true,"href":"https:\/\/carloscortesleon.com\/micasa\/wp-json\/wp\/v2\/users\/3"}],"replies":[{"embeddable":true,"href":"https:\/\/carloscortesleon.com\/micasa\/wp-json\/wp\/v2\/comments?post=13"}],"version-history":[{"count":8,"href":"https:\/\/carloscortesleon.com\/micasa\/wp-json\/wp\/v2\/pages\/13\/revisions"}],"predecessor-version":[{"id":1816,"href":"https:\/\/carloscortesleon.com\/micasa\/wp-json\/wp\/v2\/pages\/13\/revisions\/1816"}],"wp:attachment":[{"href":"https:\/\/carloscortesleon.com\/micasa\/wp-json\/wp\/v2\/media?parent=13"}],"curies":[{"name":"wp","href":"https:\/\/api.w.org\/{rel}","templated":true}]}}