{"id":11,"date":"2013-10-10T07:06:28","date_gmt":"2013-10-10T07:06:28","guid":{"rendered":"http:\/\/carloscortesleon.com\/cms\/?page_id=11"},"modified":"2020-10-05T14:12:45","modified_gmt":"2020-10-05T14:12:45","slug":"consultoria","status":"publish","type":"page","link":"https:\/\/carloscortesleon.com\/micasa\/consultoria\/","title":{"rendered":"consultor\u00eda"},"content":{"rendered":"<div class=\"wpb-content-wrapper\"><p>[vc_row][vc_column width=\u00bb1\/3&#8243;][vc_single_image image=\u00bb78&#8243; img_size=\u00bbfull\u00bb][\/vc_column][vc_column width=\u00bb2\/3&#8243;][vc_column_text]<\/p>\n<h2>\u00bfQu\u00e9 es para m\u00ed?<\/h2>\n<p><i>No estoy seguro de que existan las organizaciones con tanta autonom\u00eda como las creemos a veces, casi con vida propia&#8230; Son las personas que las forman, con sus conductas, sus valores y sus conversaciones, quienes las hacemos existir tal y como son.<\/i><\/p>\n<p><i>Me gusta la consultor\u00eda que acompa\u00f1a, reformula, agita y ejecuta. La que transforma y arriesga. Y sobre todo, reinventa. Si buscas esta diferencia, soy tu lutier.<\/i><\/p>\n<h2>\u00bfQu\u00e9 ofrezco?<\/h2>\n<p><strong><i>Te ofrezco mi especialidad:<\/i><\/strong><\/p>\n<ul>\n<li><i>Dise\u00f1o de pol\u00edticas de RRHH a nivel integral. \u00bfQuieres replantear tu estrategia?<\/i><\/li>\n<li><i>Dise\u00f1o de pol\u00edticas retributivas a nivel nacional e internacional (es una de mis especialidades)<\/i><\/li>\n<li><i>Identificaci\u00f3n y puesta en marcha de sistemas de gesti\u00f3n por competencias y sistemas de evaluaci\u00f3n del desempe\u00f1o (muy frecuente, para mi gusto, demasiado est\u00e1tico y complejo estos \u00faltimos a\u00f1os\u2026)<\/i><\/li>\n<li><i>Puesta en marcha de Planes de formaci\u00f3n y detecci\u00f3n de necesidades formativas<\/i><\/li>\n<\/ul>\n<p><strong><i>Mi valor diferencial:<\/i><\/strong><\/p>\n<p style=\"padding-left: 30px;\">\u00a0<i>\u00bfNo crees en la RSC, RSE, RC o como se llame? Toda mi carrera ha sido en empresa privada y Tercer Sector, hablo lo dos lenguajes, \u00bfnecesitas un traductor?<\/i><\/p>\n<p><strong><i>Y mi pasi\u00f3n:<\/i><\/strong><\/p>\n<p style=\"padding-left: 30px;\"><i>\u00bfC\u00f3mo puedo comprometer a mis equipos? \u00bfPor qu\u00e9 ya no est\u00e1n motivados? No puedo pagar m\u00e1s, pero necesito que sintamos pertenecer a un proyecto com\u00fan\u2026 Si sabes lo que quieres conseguir, y lo que te falta, podemos ver qu\u00e9 tienes que hacer para conseguirlo. Enfoque desde el Coaching.<\/i><\/p>\n<h2>\u00bfQu\u00e9 puedes conseguir?<\/h2>\n<p><i>El cambio que deseas. El que posiblemente todav\u00eda no conoces. El sentido de lo que haces o de lo que no estabas haciendo hasta ahora\u2026 Un objetivo. Tu objetivo. Obtener recursos para lograr lo que te propongas. Desde la total confianza en ti.<\/i><\/p>\n<blockquote class=\"bajofoto\"><p><i>\u201cPara cambiar el mundo, c\u00e1mbiate a ti mismo. Para conseguir tu sue\u00f1o, sigue tu coraz\u00f3n\u201d CBM<\/i><\/p><\/blockquote>\n<p>[\/vc_column_text][\/vc_column][\/vc_row]<\/p>\n<\/div>","protected":false},"excerpt":{"rendered":"<p>[vc_row][vc_column width=\u00bb1\/3&#8243;][vc_single_image image=\u00bb78&#8243; img_size=\u00bbfull\u00bb][\/vc_column][vc_column width=\u00bb2\/3&#8243;][vc_column_text] \u00bfQu\u00e9 es para m\u00ed? No estoy seguro de que existan las organizaciones con tanta autonom\u00eda como las creemos a veces, casi con vida propia&#8230; Son las personas que las forman, con sus conductas, sus valores y sus conversaciones, quienes las hacemos existir tal y como son. Me gusta la consultor\u00eda [&hellip;]<\/p>\n","protected":false},"author":3,"featured_media":0,"parent":0,"menu_order":3,"comment_status":"closed","ping_status":"closed","template":"","meta":{"site-sidebar-layout":"no-sidebar","site-content-layout":"plain-container","ast-site-content-layout":"","site-content-style":"default","site-sidebar-style":"default","ast-global-header-display":"","ast-banner-title-visibility":"","ast-main-header-display":"","ast-hfb-above-header-display":"","ast-hfb-below-header-display":"","ast-hfb-mobile-header-display":"","site-post-title":"","ast-breadcrumbs-content":"","ast-featured-img":"disabled","footer-sml-layout":"","theme-transparent-header-meta":"default","adv-header-id-meta":"","stick-header-meta":"","header-above-stick-meta":"","header-main-stick-meta":"","header-below-stick-meta":"","astra-migrate-meta-layouts":"default","ast-page-background-enabled":"default","ast-page-background-meta":{"desktop":{"background-color":"","background-image":"","background-repeat":"repeat","background-position":"center center","background-size":"auto","background-attachment":"scroll","background-type":"","background-media":"","overlay-type":"","overlay-color":"","overlay-opacity":"","overlay-gradient":""},"tablet":{"background-color":"","background-image":"","background-repeat":"repeat","background-position":"center center","background-size":"auto","background-attachment":"scroll","background-type":"","background-media":"","overlay-type":"","overlay-color":"","overlay-opacity":"","overlay-gradient":""},"mobile":{"background-color":"","background-image":"","background-repeat":"repeat","background-position":"center center","background-size":"auto","background-attachment":"scroll","background-type":"","background-media":"","overlay-type":"","overlay-color":"","overlay-opacity":"","overlay-gradient":""}},"ast-content-background-meta":{"desktop":{"background-color":"var(--ast-global-color-5)","background-image":"","background-repeat":"repeat","background-position":"center center","background-size":"auto","background-attachment":"scroll","background-type":"","background-media":"","overlay-type":"","overlay-color":"","overlay-opacity":"","overlay-gradient":""},"tablet":{"background-color":"var(--ast-global-color-5)","background-image":"","background-repeat":"repeat","background-position":"center center","background-size":"auto","background-attachment":"scroll","background-type":"","background-media":"","overlay-type":"","overlay-color":"","overlay-opacity":"","overlay-gradient":""},"mobile":{"background-color":"var(--ast-global-color-5)","background-image":"","background-repeat":"repeat","background-position":"center center","background-size":"auto","background-attachment":"scroll","background-type":"","background-media":"","overlay-type":"","overlay-color":"","overlay-opacity":"","overlay-gradient":""}},"footnotes":""},"_links":{"self":[{"href":"https:\/\/carloscortesleon.com\/micasa\/wp-json\/wp\/v2\/pages\/11"}],"collection":[{"href":"https:\/\/carloscortesleon.com\/micasa\/wp-json\/wp\/v2\/pages"}],"about":[{"href":"https:\/\/carloscortesleon.com\/micasa\/wp-json\/wp\/v2\/types\/page"}],"author":[{"embeddable":true,"href":"https:\/\/carloscortesleon.com\/micasa\/wp-json\/wp\/v2\/users\/3"}],"replies":[{"embeddable":true,"href":"https:\/\/carloscortesleon.com\/micasa\/wp-json\/wp\/v2\/comments?post=11"}],"version-history":[{"count":3,"href":"https:\/\/carloscortesleon.com\/micasa\/wp-json\/wp\/v2\/pages\/11\/revisions"}],"predecessor-version":[{"id":561,"href":"https:\/\/carloscortesleon.com\/micasa\/wp-json\/wp\/v2\/pages\/11\/revisions\/561"}],"wp:attachment":[{"href":"https:\/\/carloscortesleon.com\/micasa\/wp-json\/wp\/v2\/media?parent=11"}],"curies":[{"name":"wp","href":"https:\/\/api.w.org\/{rel}","templated":true}]}}